{"id":52852,"date":"2024-11-07T13:13:29","date_gmt":"2024-11-07T12:13:29","guid":{"rendered":"https:\/\/huisartsenpostenamsterdam.mindd.dev\/?page_id=52852"},"modified":"2025-12-11T10:48:49","modified_gmt":"2025-12-11T09:48:49","slug":"deutsch","status":"publish","type":"page","link":"https:\/\/huisartsenpostenamsterdam.nl\/en\/deutsch\/","title":{"rendered":"Deutsch"},"content":{"rendered":"            <div id=\"mindd_widget_embedded_4373132e-4be7-410b-9bf4-1b1a9ad5e68c\" class=\"mindd-widget\" data-apikey=\"Kfk0Bm0uy1Lejeri3aka\/rQgHH9R69wo\" data-language=\"DE\" data-showwelcometext=\"true\" data-type=\"widget\" >\n                    <\/div>\n    \n\n\n<h2 class=\"wp-block-heading\"><strong>Der \u00e4rztliche Notdienst und Ihre pers\u00f6nlichen&nbsp;Daten<\/strong><\/h2>\n\n\n\n<p>Zur Gew\u00e4hrleistung guter Dienstleistung, nehmen der\/die Arzthelfer(in) und der\/die Arzt\/\u00c4rztin vom \u00e4rztlichen Notdienst Ihre Personalien auf. Au\u00dfer um Ihren Namen, Ihre Adresse, Namen und Adresse Ihres Hausarztes und Ihrer Krankenversicherung, geht es dabei auch um Ihre Krankenakte. Selbstverst\u00e4ndlich werden diese Daten gut gesch\u00fctzt und sind nicht frei&nbsp;zug\u00e4nglich.<\/p>\n\n\n\n<p>Zum Schutz Ihrer Privatsph\u00e4re hat Huisartsenposten Amsterdam Regeln erstellt. Hier unten bekommen Sie Informationen zu den gesetzlichen Vorschriften in Sachen Datenschutz und wir erkl\u00e4ren Ihnen kurz, wie wir mit Ihren pers\u00f6nlichen Daten&nbsp;umgehen.<\/p>\n\n\n\n<h2 class=\"wp-block-heading\"><strong>\u00c4rztliche&nbsp;Schweigepflicht<\/strong><\/h2>\n\n\n\n<p>Laut dem niederl\u00e4ndischen Gesetz zu \u00e4rztlichen Behandlungsvereinbarungen, unterliegt jeder Arzt und seine Mitarbeiter der \u00e4rztlichen Schweigepflicht. \u00c4rzte m\u00fcssen Informationen, die sie w\u00e4hrend ihrer Berufsaus\u00fcbung erfahren, vertraulich behandeln, was bedeutet, dass sie diese Informationen nur mit den anderen \u00c4rzten und Gesundheitshelfern austauschen d\u00fcrfen, bei denen Sie in dem Moment in Behandlung sind. In allen anderen F\u00e4llen muss der Arzt Sie um Ihre Erlaubnis bitten, Informationen aus Ihrer Krankenakte weitergeben zu&nbsp;d\u00fcrfen.<\/p>\n\n\n\n<h2 class=\"wp-block-heading\"><strong>Niederl\u00e4ndische&nbsp;Datenschutzbestimmungen<\/strong><\/h2>\n\n\n\n<p>Das niederl\u00e4ndische Gesetz zu Datenschutzbestimmungen erlegt Einrichtungen Verpflichtungen auf und verleiht Ihnen als Betroffene(r) einige Rechte. Daher d\u00fcrfen Einrichtungen nur die Daten sammeln, die zu dem Zweck, zu dem Sie sie mitteilen, dienen. Die Daten, die Sie mitteilen, d\u00fcrfen Sie jederzeit einsehen und wenn n\u00f6tig korrigieren oder l\u00f6schen lassen. Ferner melden Einrichtungen die Verarbeitung Ihrer pers\u00f6nlichen Daten beim niederl\u00e4ndischen \u2018College Bescherming Persoonsgegevens\u2019 (CBP) (datenschutzbeauftragtes&nbsp;Kollegium).<\/p>\n\n\n\n<h2 class=\"wp-block-heading\"><strong>Welche pers\u00f6nlichen Daten werden vom \u00e4rztlichen Notdienst&nbsp;erfasst?<\/strong><\/h2>\n\n\n\n<p>Huisartsenposten Amsterdam hat festgelegt, welche Daten f\u00fcr eine gute Dienstleistung f\u00fcr Sie als Patient n\u00f6tig sind. Bei pers\u00f6nlichen Daten geht es nicht nur um die Information, die schriftlich festgehalten wird, sondern auch um Telefongespr\u00e4che zwischen dem\/der Arzthelfer(in) oder dem\/der Hausarzt\/Haus\u00e4rztin und Ihnen. Diese Verarbeitung Ihrer pers\u00f6nlichen Daten ist von Huisartsenposten Amsterdam beim \u2018College Bescherming Persoonsgegevens\u2019 gemeldet. Diese Meldungen kann man im Internet unter www.cbpweb.nl&nbsp;einsehen.<\/p>\n\n\n\n<h2 class=\"wp-block-heading\"><strong>Warum werden diese Daten&nbsp;erfasst?<\/strong><\/h2>\n\n\n\n<p>Ihre pers\u00f6nlichen Daten werden aus folgenden Gr\u00fcnden in die \u00e4rztliche Administration&nbsp;aufgenommen:<\/p>\n\n\n\n<ul class=\"wp-block-list\">\n<li>zur Erfassung Ihrer gesundheitlichen Beschwerden, wie und von wem diese am besten behandelt werden k\u00f6nnen und, um auf\u00a0 diese Informationen bei weiterer Behandelung zur\u00fcckgreifen zu k\u00f6nnen;<\/li>\n\n\n\n<li>zur Information Ihres eigenen Hausarztes zu Ihrem Kontakt mit dem \u00e4rztlichen Notdienst;<\/li>\n\n\n\n<li>im Notfall werden auch Daten an den Rettungsdienst weitergeleitet, so dass Ihnen schnell und effektiv geholfen werden kann;<\/li>\n\n\n\n<li>zur Weiterleitung der, durch die Dienstleistung, entstandenen Kosten an Ihre Krankenversicherung oder an Sie selbst.<\/li>\n<\/ul>\n\n\n\n<p>Aus folgenden Gr\u00fcnden werden Tonaufnahmen von Telefongespr\u00e4chen&nbsp;gemacht:<\/p>\n\n\n\n<ul class=\"wp-block-list\">\n<li>um im Falle einer Klage im Nachhinein den Verlauf des Gespr\u00e4ches zur\u00fcckverfolgen zu k\u00f6nnen;<\/li>\n\n\n\n<li>um die Qualit\u00e4t der von Arzthelfern\/Arzthelferinnen gef\u00fchrten Telefongespr\u00e4che pr\u00fcfen zu k\u00f6nnen und diese gegebenenfalls mittels Schulung und Training verbessern zu k\u00f6nnen.<\/li>\n\n\n\n<li>Bei manchen \u00e4rztlichen Notdiensten sind, aus folgenden Gr\u00fcnden, Videokameras vorhanden:<\/li>\n\n\n\n<li>zur Gew\u00e4hrleistung der Sicherheit von Patienten und Personal;<\/li>\n\n\n\n<li>zur Beobachtung des Gesundheitszustandes von Patienten, zum Beispiel im Wartezimmer.<\/li>\n<\/ul>\n\n\n\n<p>Kameras befinden sich ausschlie\u00dflich beim Eingang, in den G\u00e4ngen und im&nbsp;Wartezimmer.<\/p>\n\n\n\n<h2 class=\"wp-block-heading\"><strong>Wer hat Zugriff auf Ihre pers\u00f6nlichen&nbsp;Daten?<\/strong><\/h2>\n\n\n\n<p>Im Prinzip k\u00f6nnen nur Haus\u00e4rzte und Arzthelfer\/Arzthelferinnen, die an Ihrer gesundheitlichen Hilfeleistung beteiligt sind, Ihre Daten einsehen.&nbsp; Die Systeme, in denen diese Daten gespeichert sind (Computerdateien, Tonaufnahmen) sind mit Kennw\u00f6rtern und Codes gesch\u00fctzt. Nur in eindeutig beschriebenen Ausnahmef\u00e4llen haben andere Mitarbeiter Einsehen in einen Teil Ihrer Daten. So kann der Koordinator f\u00fcr Patientensicherheit und Beschwerden Ihre Krankenakte, mit Ihrer Erlaubnis, einsehen, um bei einer Beschwerde vermitteln zu k\u00f6nnen. Oder er kann im Falle von Zweifel und bei einer Beschwerde die Tonaufnahme eines Telefongespr\u00e4chs&nbsp;anh\u00f6ren.<\/p>\n\n\n\n<h2 class=\"wp-block-heading\"><strong>Patientenrechte<\/strong><\/h2>\n\n\n\n<p>Patienten haben einige&nbsp;Rechte:<\/p>\n\n\n\n<ul class=\"wp-block-list\">\n<li>das Einsehen der eigenen Krankenakte<\/li>\n<\/ul>\n\n\n\n<p>Auf Anfrage k\u00f6nnen Sie eine Kopie Ihrer Krankenakte bekommen. Hierzu m\u00fcssen Sie einen schriftlichen Antrag stellen und eine Kopie Ihres Personalausweises&nbsp;mitsenden.<\/p>\n\n\n\n<p>Sie k\u00f6nnen auch eine andere Person oder eine Einrichtung bevollm\u00e4chtigen Ihre Krankenakte anzufragen. Nur mit einer schriftlichen Vollmacht, die von Ihnen pers\u00f6nlich unterzeichnet ist, gibt der \u00e4rztliche Notdienst Dritten Ihre&nbsp;Daten.<\/p>\n\n\n\n<ul class=\"wp-block-list\">\n<li>das Recht auf Korrektur, L\u00f6schung und Schutz von Daten<\/li>\n<\/ul>\n\n\n\n<p>Sollten in Ihrer Krankenakte Informationen aufgenommen sein, die Sie korrigiert oder gel\u00f6scht haben wollen, k\u00f6nnen Sie dies, zusammen mit einer Kopie Ihres Personalausweises, schriftlich beantragen, um Ihre Krankenakte (teilweise) \u00e4ndern oder l\u00f6schen zu lassen. Der Hausarzt, der Sie behandelt hat, wird dem zustimmen, es sei denn, es gibt zwingende Gr\u00fcnde dies nicht zu tun. Ihr eigener Hausarzt wird dar\u00fcber informiert&nbsp;werden.<\/p>\n\n\n\n<p>Sie k\u00f6nnen Ihren Antrag beim Koordinator f\u00fcr Patientensicherheit&nbsp;abgeben.<\/p>\n\n\n\n<h2 class=\"wp-block-heading\"><strong>Zum&nbsp;Schluss<\/strong><\/h2>\n\n\n\n<p><strong>Wenn Sie noch Fragen haben, wenden Sie sich bitte an Huisartsenposten&nbsp;Amsterdam<\/strong><\/p>\n\n\n\n<p>Huisartsenposten Amsterdam<br>Postbus 206<br>1000 AE Amsterdam<\/p>\n","protected":false},"excerpt":{"rendered":"<p>Der \u00e4rztliche Notdienst und Ihre pers\u00f6nlichen&nbsp;Daten Zur Gew\u00e4hrleistung guter Dienstleistung, nehmen der\/die Arzthelfer(in) und der\/die Arzt\/\u00c4rztin vom \u00e4rztlichen Notdienst Ihre Personalien auf. Au\u00dfer um Ihren Namen, Ihre Adresse, Namen und Adresse Ihres Hausarztes und Ihrer Krankenversicherung, geht es dabei auch um Ihre Krankenakte. Selbstverst\u00e4ndlich werden diese Daten gut gesch\u00fctzt und sind nicht frei&nbsp;zug\u00e4nglich. Zum Schutz [&hellip;]<\/p>\n","protected":false},"author":3,"featured_media":0,"parent":0,"menu_order":0,"comment_status":"closed","ping_status":"closed","template":"","meta":{"_acf_changed":false,"_trash_the_other_posts":false,"editor_notices":[],"footnotes":""},"class_list":["post-52852","page","type-page","status-publish","hentry"],"acf":[],"yoast_head":"<!-- This site is optimized with the Yoast SEO plugin v26.6 - https:\/\/yoast.com\/wordpress\/plugins\/seo\/ -->\n<title>Deutsch - Huisartsenposten Amsterdam - English<\/title>\n<meta name=\"robots\" content=\"index, follow, max-snippet:-1, max-image-preview:large, max-video-preview:-1\" \/>\n<link rel=\"canonical\" href=\"https:\/\/huisartsenpostenamsterdam.nl\/en\/deutsch\/\" \/>\n<meta property=\"og:locale\" content=\"en_US\" \/>\n<meta property=\"og:type\" content=\"article\" \/>\n<meta property=\"og:title\" content=\"Deutsch - Huisartsenposten Amsterdam - English\" \/>\n<meta property=\"og:description\" content=\"Der \u00e4rztliche Notdienst und Ihre pers\u00f6nlichen&nbsp;Daten Zur Gew\u00e4hrleistung guter Dienstleistung, nehmen der\/die Arzthelfer(in) und der\/die Arzt\/\u00c4rztin vom \u00e4rztlichen Notdienst Ihre Personalien auf. Au\u00dfer um Ihren Namen, Ihre Adresse, Namen und Adresse Ihres Hausarztes und Ihrer Krankenversicherung, geht es dabei auch um Ihre Krankenakte. Selbstverst\u00e4ndlich werden diese Daten gut gesch\u00fctzt und sind nicht frei&nbsp;zug\u00e4nglich. Zum Schutz [&hellip;]\" \/>\n<meta property=\"og:url\" content=\"https:\/\/huisartsenpostenamsterdam.nl\/en\/deutsch\/\" \/>\n<meta property=\"og:site_name\" content=\"Huisartsenposten Amsterdam - English\" \/>\n<meta property=\"article:modified_time\" content=\"2025-12-11T09:48:49+00:00\" \/>\n<meta name=\"twitter:card\" content=\"summary_large_image\" \/>\n<meta name=\"twitter:label1\" content=\"Est. reading time\" \/>\n\t<meta name=\"twitter:data1\" content=\"4 minutes\" \/>\n<script type=\"application\/ld+json\" class=\"yoast-schema-graph\">{\"@context\":\"https:\/\/schema.org\",\"@graph\":[{\"@type\":\"WebPage\",\"@id\":\"https:\/\/huisartsenpostenamsterdam.nl\/en\/deutsch\/\",\"url\":\"https:\/\/huisartsenpostenamsterdam.nl\/en\/deutsch\/\",\"name\":\"Deutsch - Huisartsenposten Amsterdam - English\",\"isPartOf\":{\"@id\":\"https:\/\/huisartsenpostenamsterdam.nl\/en\/#website\"},\"datePublished\":\"2024-11-07T12:13:29+00:00\",\"dateModified\":\"2025-12-11T09:48:49+00:00\",\"breadcrumb\":{\"@id\":\"https:\/\/huisartsenpostenamsterdam.nl\/en\/deutsch\/#breadcrumb\"},\"inLanguage\":\"en-US\",\"potentialAction\":[{\"@type\":\"ReadAction\",\"target\":[\"https:\/\/huisartsenpostenamsterdam.nl\/en\/deutsch\/\"]}]},{\"@type\":\"BreadcrumbList\",\"@id\":\"https:\/\/huisartsenpostenamsterdam.nl\/en\/deutsch\/#breadcrumb\",\"itemListElement\":[{\"@type\":\"ListItem\",\"position\":1,\"name\":\"Home\",\"item\":\"https:\/\/huisartsenpostenamsterdam.nl\/en\/\"},{\"@type\":\"ListItem\",\"position\":2,\"name\":\"Deutsch\"}]},{\"@type\":\"WebSite\",\"@id\":\"https:\/\/huisartsenpostenamsterdam.nl\/en\/#website\",\"url\":\"https:\/\/huisartsenpostenamsterdam.nl\/en\/\",\"name\":\"Huisartsenposten Amsterdam - English\",\"description\":\"\",\"potentialAction\":[{\"@type\":\"SearchAction\",\"target\":{\"@type\":\"EntryPoint\",\"urlTemplate\":\"https:\/\/huisartsenpostenamsterdam.nl\/en\/?s={search_term_string}\"},\"query-input\":{\"@type\":\"PropertyValueSpecification\",\"valueRequired\":true,\"valueName\":\"search_term_string\"}}],\"inLanguage\":\"en-US\"}]}<\/script>\n<!-- \/ Yoast SEO plugin. -->","yoast_head_json":{"title":"Deutsch - Huisartsenposten Amsterdam - English","robots":{"index":"index","follow":"follow","max-snippet":"max-snippet:-1","max-image-preview":"max-image-preview:large","max-video-preview":"max-video-preview:-1"},"canonical":"https:\/\/huisartsenpostenamsterdam.nl\/en\/deutsch\/","og_locale":"en_US","og_type":"article","og_title":"Deutsch - Huisartsenposten Amsterdam - English","og_description":"Der \u00e4rztliche Notdienst und Ihre pers\u00f6nlichen&nbsp;Daten Zur Gew\u00e4hrleistung guter Dienstleistung, nehmen der\/die Arzthelfer(in) und der\/die Arzt\/\u00c4rztin vom \u00e4rztlichen Notdienst Ihre Personalien auf. Au\u00dfer um Ihren Namen, Ihre Adresse, Namen und Adresse Ihres Hausarztes und Ihrer Krankenversicherung, geht es dabei auch um Ihre Krankenakte. Selbstverst\u00e4ndlich werden diese Daten gut gesch\u00fctzt und sind nicht frei&nbsp;zug\u00e4nglich. Zum Schutz [&hellip;]","og_url":"https:\/\/huisartsenpostenamsterdam.nl\/en\/deutsch\/","og_site_name":"Huisartsenposten Amsterdam - English","article_modified_time":"2025-12-11T09:48:49+00:00","twitter_card":"summary_large_image","twitter_misc":{"Est. reading time":"4 minutes"},"schema":{"@context":"https:\/\/schema.org","@graph":[{"@type":"WebPage","@id":"https:\/\/huisartsenpostenamsterdam.nl\/en\/deutsch\/","url":"https:\/\/huisartsenpostenamsterdam.nl\/en\/deutsch\/","name":"Deutsch - Huisartsenposten Amsterdam - English","isPartOf":{"@id":"https:\/\/huisartsenpostenamsterdam.nl\/en\/#website"},"datePublished":"2024-11-07T12:13:29+00:00","dateModified":"2025-12-11T09:48:49+00:00","breadcrumb":{"@id":"https:\/\/huisartsenpostenamsterdam.nl\/en\/deutsch\/#breadcrumb"},"inLanguage":"en-US","potentialAction":[{"@type":"ReadAction","target":["https:\/\/huisartsenpostenamsterdam.nl\/en\/deutsch\/"]}]},{"@type":"BreadcrumbList","@id":"https:\/\/huisartsenpostenamsterdam.nl\/en\/deutsch\/#breadcrumb","itemListElement":[{"@type":"ListItem","position":1,"name":"Home","item":"https:\/\/huisartsenpostenamsterdam.nl\/en\/"},{"@type":"ListItem","position":2,"name":"Deutsch"}]},{"@type":"WebSite","@id":"https:\/\/huisartsenpostenamsterdam.nl\/en\/#website","url":"https:\/\/huisartsenpostenamsterdam.nl\/en\/","name":"Huisartsenposten Amsterdam - English","description":"","potentialAction":[{"@type":"SearchAction","target":{"@type":"EntryPoint","urlTemplate":"https:\/\/huisartsenpostenamsterdam.nl\/en\/?s={search_term_string}"},"query-input":{"@type":"PropertyValueSpecification","valueRequired":true,"valueName":"search_term_string"}}],"inLanguage":"en-US"}]}},"_links":{"self":[{"href":"https:\/\/huisartsenpostenamsterdam.nl\/en\/wp-json\/wp\/v2\/pages\/52852","targetHints":{"allow":["GET"]}}],"collection":[{"href":"https:\/\/huisartsenpostenamsterdam.nl\/en\/wp-json\/wp\/v2\/pages"}],"about":[{"href":"https:\/\/huisartsenpostenamsterdam.nl\/en\/wp-json\/wp\/v2\/types\/page"}],"author":[{"embeddable":true,"href":"https:\/\/huisartsenpostenamsterdam.nl\/en\/wp-json\/wp\/v2\/users\/3"}],"replies":[{"embeddable":true,"href":"https:\/\/huisartsenpostenamsterdam.nl\/en\/wp-json\/wp\/v2\/comments?post=52852"}],"version-history":[{"count":3,"href":"https:\/\/huisartsenpostenamsterdam.nl\/en\/wp-json\/wp\/v2\/pages\/52852\/revisions"}],"predecessor-version":[{"id":53255,"href":"https:\/\/huisartsenpostenamsterdam.nl\/en\/wp-json\/wp\/v2\/pages\/52852\/revisions\/53255"}],"wp:attachment":[{"href":"https:\/\/huisartsenpostenamsterdam.nl\/en\/wp-json\/wp\/v2\/media?parent=52852"}],"curies":[{"name":"wp","href":"https:\/\/api.w.org\/{rel}","templated":true}]}}